{"id":424,"date":"2014-10-24T11:38:48","date_gmt":"2014-10-24T11:38:48","guid":{"rendered":"http:\/\/cab.eu\/wordpress?page_id=424"},"modified":"2021-09-10T12:24:48","modified_gmt":"2021-09-10T12:24:48","slug":"marketing","status":"publish","type":"page","link":"https:\/\/cab.eu\/?page_id=424","title":{"rendered":"Marketing"},"content":{"rendered":"<h3>Marketing Services Leistungsspektrum<\/h3>\n<p>CAB entwickelt Marketing- und Vertriebskonzepte und \u00fcberpr\u00fcft diese auf ihre Durchf\u00fchrbarkeit.<br \/>\nOb es sich um E-Commmerce, Direktvertrieb, Telesales, Direktmarketing, CRM oder Ma\u00dfnahmen zur Kundengewinnung und Kundenbindung handelt, wir sind Ihr professioneller Partner.\u00a0 Individuell nach Ihren Bed\u00fcrfnissen kombinieren wir unsere L\u00f6sungen und Leistungen. So werden auch Ihre Projekte und Prozesse in Marketing und Vertrieb erfolgreicher.<a href=\"http:\/\/cab.eu\/wordpress\/wp-content\/uploads\/2014\/10\/leer.jpg\"><img loading=\"lazy\" class=\"alignnone wp-image-527 size-full\" src=\"http:\/\/cab.eu\/wordpress\/wp-content\/uploads\/2014\/10\/leer.jpg\" width=\"39\" height=\"33\" \/><\/a><\/p>\n","protected":false},"excerpt":{"rendered":"<p>Marketing Services Leistungsspektrum CAB entwickelt Marketing- und Vertriebskonzepte und \u00fcberpr\u00fcft diese auf ihre Durchf\u00fchrbarkeit. Ob es sich um E-Commmerce, Direktvertrieb, Telesales, Direktmarketing, CRM oder Ma\u00dfnahmen zur Kundengewinnung und Kundenbindung handelt, wir sind Ihr professioneller Partner.\u00a0 Individuell nach Ihren Bed\u00fcrfnissen kombinieren<\/p>\n","protected":false},"author":1,"featured_media":0,"parent":0,"menu_order":0,"comment_status":"closed","ping_status":"closed","template":"","meta":[],"_links":{"self":[{"href":"https:\/\/cab.eu\/index.php?rest_route=\/wp\/v2\/pages\/424"}],"collection":[{"href":"https:\/\/cab.eu\/index.php?rest_route=\/wp\/v2\/pages"}],"about":[{"href":"https:\/\/cab.eu\/index.php?rest_route=\/wp\/v2\/types\/page"}],"author":[{"embeddable":true,"href":"https:\/\/cab.eu\/index.php?rest_route=\/wp\/v2\/users\/1"}],"replies":[{"embeddable":true,"href":"https:\/\/cab.eu\/index.php?rest_route=%2Fwp%2Fv2%2Fcomments&post=424"}],"version-history":[{"count":19,"href":"https:\/\/cab.eu\/index.php?rest_route=\/wp\/v2\/pages\/424\/revisions"}],"predecessor-version":[{"id":683,"href":"https:\/\/cab.eu\/index.php?rest_route=\/wp\/v2\/pages\/424\/revisions\/683"}],"wp:attachment":[{"href":"https:\/\/cab.eu\/index.php?rest_route=%2Fwp%2Fv2%2Fmedia&parent=424"}],"curies":[{"name":"wp","href":"https:\/\/api.w.org\/{rel}","templated":true}]}}