{"id":420,"date":"2014-10-24T11:37:39","date_gmt":"2014-10-24T11:37:39","guid":{"rendered":"http:\/\/cab.eu\/wordpress?page_id=420"},"modified":"2021-09-10T12:24:20","modified_gmt":"2021-09-10T12:24:20","slug":"cad","status":"publish","type":"page","link":"https:\/\/cab.eu\/?page_id=420","title":{"rendered":"CAD"},"content":{"rendered":"<h2>CAD Dienstleistungen von h\u00f6chster Qualit\u00e4t.<\/h2>\n<p>Bauzeichnungen &#8211; Bauantragszeichnungen &#8211; Eingabepl\u00e4ne &#8211; Ausf\u00fchrungsplanungen &#8211; Werkplanung<br \/>\nWir erstellen Ihre Bauzeichnungen anhand von von Skizzen, Entw\u00fcrfen, technischen Angaben oder Projektunterlagen.<\/p>\n<p>Gerne \u00fcbernehmen wir auch die Erstellung vollst\u00e4ndiger Bauantragsunterlagen. Dabei gew\u00e4hrleisten wir Unterlagen h\u00f6chster Qualit\u00e4t und Genauigkeit.<\/p>\n<p><a href=\"https:\/\/cab.euwp-content\/uploads\/2014\/10\/cad2.jpg\"><img loading=\"lazy\" class=\"alignnone wp-image-495 size-full\" src=\"https:\/\/cab.eu\/wp-content\/uploads\/2014\/10\/cad2.jpg\" alt=\"cad2\" width=\"950\" height=\"269\" srcset=\"https:\/\/cab.eu\/wp-content\/uploads\/2014\/10\/cad2.jpg 950w, https:\/\/cab.eu\/wp-content\/uploads\/2014\/10\/cad2-300x84.jpg 300w, https:\/\/cab.eu\/wp-content\/uploads\/2014\/10\/cad2-480x135.jpg 480w\" sizes=\"(max-width: 950px) 100vw, 950px\" \/><\/a><\/p>\n<p>&nbsp;<\/p>\n","protected":false},"excerpt":{"rendered":"<p>CAD Dienstleistungen von h\u00f6chster Qualit\u00e4t. Bauzeichnungen &#8211; Bauantragszeichnungen &#8211; Eingabepl\u00e4ne &#8211; Ausf\u00fchrungsplanungen &#8211; Werkplanung Wir erstellen Ihre Bauzeichnungen anhand von von Skizzen, Entw\u00fcrfen, technischen Angaben oder Projektunterlagen. Gerne \u00fcbernehmen wir auch die Erstellung vollst\u00e4ndiger Bauantragsunterlagen. Dabei gew\u00e4hrleisten wir Unterlagen h\u00f6chster<\/p>\n","protected":false},"author":1,"featured_media":0,"parent":0,"menu_order":0,"comment_status":"closed","ping_status":"closed","template":"","meta":[],"_links":{"self":[{"href":"https:\/\/cab.eu\/index.php?rest_route=\/wp\/v2\/pages\/420"}],"collection":[{"href":"https:\/\/cab.eu\/index.php?rest_route=\/wp\/v2\/pages"}],"about":[{"href":"https:\/\/cab.eu\/index.php?rest_route=\/wp\/v2\/types\/page"}],"author":[{"embeddable":true,"href":"https:\/\/cab.eu\/index.php?rest_route=\/wp\/v2\/users\/1"}],"replies":[{"embeddable":true,"href":"https:\/\/cab.eu\/index.php?rest_route=%2Fwp%2Fv2%2Fcomments&post=420"}],"version-history":[{"count":7,"href":"https:\/\/cab.eu\/index.php?rest_route=\/wp\/v2\/pages\/420\/revisions"}],"predecessor-version":[{"id":701,"href":"https:\/\/cab.eu\/index.php?rest_route=\/wp\/v2\/pages\/420\/revisions\/701"}],"wp:attachment":[{"href":"https:\/\/cab.eu\/index.php?rest_route=%2Fwp%2Fv2%2Fmedia&parent=420"}],"curies":[{"name":"wp","href":"https:\/\/api.w.org\/{rel}","templated":true}]}}