{"id":412,"date":"2014-10-24T11:35:36","date_gmt":"2014-10-24T11:35:36","guid":{"rendered":"http:\/\/cab.eu\/wordpress?page_id=412"},"modified":"2021-09-10T12:24:38","modified_gmt":"2021-09-10T12:24:38","slug":"grafik","status":"publish","type":"page","link":"https:\/\/cab.eu\/?page_id=412","title":{"rendered":"Grafik"},"content":{"rendered":"<h3>Grafiken, Illustrationen und Bilder vom Profi<\/h3>\n<p style=\"text-align: justify;\">Wir fertigen professionell Grafiken und Illustrationen und 3D-Zeichnungen f\u00fcr Web und Print in digitaler Form aber auch in den klassischen Malmedien, Bleistift, Buntstift, Aquarell, Acryl oder Tusche. Gerne fertigen wir auch individuelle Gem\u00e4lde auf Leinwand, Holz oder direkt an die Wand. Dabei spielt die Gr\u00f6\u00dfe keine Rolle!<\/p>\n<p>&nbsp;<\/p>\n<p><a href=\"https:\/\/cab.euwp-content\/uploads\/2014\/10\/design3.jpg\"><img loading=\"lazy\" class=\"alignnone wp-image-508 size-full\" src=\"https:\/\/cab.eu\/wp-content\/uploads\/2014\/10\/design3.jpg\" alt=\"design3\" width=\"950\" height=\"437\" srcset=\"https:\/\/cab.eu\/wp-content\/uploads\/2014\/10\/design3.jpg 950w, https:\/\/cab.eu\/wp-content\/uploads\/2014\/10\/design3-300x138.jpg 300w, https:\/\/cab.eu\/wp-content\/uploads\/2014\/10\/design3-480x220.jpg 480w\" sizes=\"(max-width: 950px) 100vw, 950px\" \/><\/a><\/p>\n","protected":false},"excerpt":{"rendered":"<p>Grafiken, Illustrationen und Bilder vom Profi Wir fertigen professionell Grafiken und Illustrationen und 3D-Zeichnungen f\u00fcr Web und Print in digitaler Form aber auch in den klassischen Malmedien, Bleistift, Buntstift, Aquarell, Acryl oder Tusche. Gerne fertigen wir auch individuelle Gem\u00e4lde auf<\/p>\n","protected":false},"author":1,"featured_media":0,"parent":0,"menu_order":0,"comment_status":"closed","ping_status":"closed","template":"","meta":[],"_links":{"self":[{"href":"https:\/\/cab.eu\/index.php?rest_route=\/wp\/v2\/pages\/412"}],"collection":[{"href":"https:\/\/cab.eu\/index.php?rest_route=\/wp\/v2\/pages"}],"about":[{"href":"https:\/\/cab.eu\/index.php?rest_route=\/wp\/v2\/types\/page"}],"author":[{"embeddable":true,"href":"https:\/\/cab.eu\/index.php?rest_route=\/wp\/v2\/users\/1"}],"replies":[{"embeddable":true,"href":"https:\/\/cab.eu\/index.php?rest_route=%2Fwp%2Fv2%2Fcomments&post=412"}],"version-history":[{"count":8,"href":"https:\/\/cab.eu\/index.php?rest_route=\/wp\/v2\/pages\/412\/revisions"}],"predecessor-version":[{"id":702,"href":"https:\/\/cab.eu\/index.php?rest_route=\/wp\/v2\/pages\/412\/revisions\/702"}],"wp:attachment":[{"href":"https:\/\/cab.eu\/index.php?rest_route=%2Fwp%2Fv2%2Fmedia&parent=412"}],"curies":[{"name":"wp","href":"https:\/\/api.w.org\/{rel}","templated":true}]}}